{"id":14414,"date":"2021-12-29T14:23:26","date_gmt":"2021-12-29T17:23:26","guid":{"rendered":"https:\/\/www.museuhistoricosl.com.br\/loja\/produto\/sl019-fd-0035\/"},"modified":"2021-12-29T14:23:26","modified_gmt":"2021-12-29T17:23:26","slug":"sl019-fd-0035","status":"publish","type":"product","link":"https:\/\/www.museuhistoricosl.com.br\/loja\/produto\/sl019-fd-0035\/","title":{"rendered":"SL019-FD-0035"},"content":{"rendered":"<p>Cemit\u00e9rio Cat\u00f3lico de Lomba Grande \u2013 Figueira no Port\u00e3o. &#8211; C\u00f3digo anterior de cat\u00e1logo:FD 19,35; Cemit\u00e9rios; <\/p>\n","protected":false},"excerpt":{"rendered":"<p>Cemit\u00e9rio Cat\u00f3lico de Lomba Grande \u2013 Figueira no Port\u00e3o. &#8211; C\u00f3digo anterior de cat\u00e1logo:FD 19,35; Cemit\u00e9rios;<\/p>\n","protected":false},"featured_media":14413,"comment_status":"open","ping_status":"closed","template":"","meta":{"_acf_changed":false},"product_cat":[48],"product_tag":[],"class_list":["post-14414","product","type-product","status-publish","has-post-thumbnail","hentry","product_cat-cemiterios"],"acf":[],"_links":{"self":[{"href":"https:\/\/www.museuhistoricosl.com.br\/loja\/wp-json\/wp\/v2\/product\/14414","targetHints":{"allow":["GET"]}}],"collection":[{"href":"https:\/\/www.museuhistoricosl.com.br\/loja\/wp-json\/wp\/v2\/product"}],"about":[{"href":"https:\/\/www.museuhistoricosl.com.br\/loja\/wp-json\/wp\/v2\/types\/product"}],"replies":[{"embeddable":true,"href":"https:\/\/www.museuhistoricosl.com.br\/loja\/wp-json\/wp\/v2\/comments?post=14414"}],"wp:featuredmedia":[{"embeddable":true,"href":"https:\/\/www.museuhistoricosl.com.br\/loja\/wp-json\/wp\/v2\/media\/14413"}],"wp:attachment":[{"href":"https:\/\/www.museuhistoricosl.com.br\/loja\/wp-json\/wp\/v2\/media?parent=14414"}],"wp:term":[{"taxonomy":"product_cat","embeddable":true,"href":"https:\/\/www.museuhistoricosl.com.br\/loja\/wp-json\/wp\/v2\/product_cat?post=14414"},{"taxonomy":"product_tag","embeddable":true,"href":"https:\/\/www.museuhistoricosl.com.br\/loja\/wp-json\/wp\/v2\/product_tag?post=14414"}],"curies":[{"name":"wp","href":"https:\/\/api.w.org\/{rel}","templated":true}]}}