{"id":14404,"date":"2021-12-29T14:23:24","date_gmt":"2021-12-29T17:23:24","guid":{"rendered":"https:\/\/www.museuhistoricosl.com.br\/loja\/produto\/sl019-fd-0030\/"},"modified":"2021-12-29T14:23:24","modified_gmt":"2021-12-29T17:23:24","slug":"sl019-fd-0030","status":"publish","type":"product","link":"https:\/\/www.museuhistoricosl.com.br\/loja\/produto\/sl019-fd-0030\/","title":{"rendered":"SL019-FD-0030"},"content":{"rendered":"<p>Foto da sepultura de Jacob Fischborn (esta informa\u00e7\u00e3o n\u00e3o consta no verso da foto). &#8211; C\u00f3digo anterior de cat\u00e1logo:FD 19,30; Cemit\u00e9rios; <\/p>\n","protected":false},"excerpt":{"rendered":"<p>Foto da sepultura de Jacob Fischborn (esta informa\u00e7\u00e3o n\u00e3o consta no verso da foto). &#8211; C\u00f3digo anterior de cat\u00e1logo:FD 19,30;<\/p>\n","protected":false},"featured_media":14403,"comment_status":"open","ping_status":"closed","template":"","meta":{"_acf_changed":false},"product_cat":[48],"product_tag":[],"class_list":["post-14404","product","type-product","status-publish","has-post-thumbnail","hentry","product_cat-cemiterios"],"acf":[],"_links":{"self":[{"href":"https:\/\/www.museuhistoricosl.com.br\/loja\/wp-json\/wp\/v2\/product\/14404","targetHints":{"allow":["GET"]}}],"collection":[{"href":"https:\/\/www.museuhistoricosl.com.br\/loja\/wp-json\/wp\/v2\/product"}],"about":[{"href":"https:\/\/www.museuhistoricosl.com.br\/loja\/wp-json\/wp\/v2\/types\/product"}],"replies":[{"embeddable":true,"href":"https:\/\/www.museuhistoricosl.com.br\/loja\/wp-json\/wp\/v2\/comments?post=14404"}],"wp:featuredmedia":[{"embeddable":true,"href":"https:\/\/www.museuhistoricosl.com.br\/loja\/wp-json\/wp\/v2\/media\/14403"}],"wp:attachment":[{"href":"https:\/\/www.museuhistoricosl.com.br\/loja\/wp-json\/wp\/v2\/media?parent=14404"}],"wp:term":[{"taxonomy":"product_cat","embeddable":true,"href":"https:\/\/www.museuhistoricosl.com.br\/loja\/wp-json\/wp\/v2\/product_cat?post=14404"},{"taxonomy":"product_tag","embeddable":true,"href":"https:\/\/www.museuhistoricosl.com.br\/loja\/wp-json\/wp\/v2\/product_tag?post=14404"}],"curies":[{"name":"wp","href":"https:\/\/api.w.org\/{rel}","templated":true}]}}