{"id":14146,"date":"2021-12-28T10:05:10","date_gmt":"2021-12-28T13:05:10","guid":{"rendered":"https:\/\/www.museuhistoricosl.com.br\/loja\/produto\/sl008-fd-0428\/"},"modified":"2021-12-28T10:05:10","modified_gmt":"2021-12-28T13:05:10","slug":"sl008-fd-0428","status":"publish","type":"product","link":"https:\/\/www.museuhistoricosl.com.br\/loja\/produto\/sl008-fd-0428\/","title":{"rendered":"SL008-FD-0428"},"content":{"rendered":"<p>Uni\u00e3o das Associa\u00e7\u00f5es de bairro de S\u00e3o Leopoldo, assembl\u00e9ia extraordin\u00e1ria para reformular estatutos, Foto Nilson, 30\/09\/1985; Bairros de S\u00e3o Leopoldo; <\/p>\n","protected":false},"excerpt":{"rendered":"<p>Uni\u00e3o das Associa\u00e7\u00f5es de bairro de S\u00e3o Leopoldo, assembl\u00e9ia extraordin\u00e1ria para reformular estatutos, Foto Nilson, 30\/09\/1985; Bairros de S\u00e3o Leopoldo;<\/p>\n","protected":false},"featured_media":14145,"comment_status":"open","ping_status":"closed","template":"","meta":{"_acf_changed":false},"product_cat":[47],"product_tag":[],"class_list":["post-14146","product","type-product","status-publish","has-post-thumbnail","hentry","product_cat-bairros-de-sao-leopoldo"],"acf":[],"_links":{"self":[{"href":"https:\/\/www.museuhistoricosl.com.br\/loja\/wp-json\/wp\/v2\/product\/14146","targetHints":{"allow":["GET"]}}],"collection":[{"href":"https:\/\/www.museuhistoricosl.com.br\/loja\/wp-json\/wp\/v2\/product"}],"about":[{"href":"https:\/\/www.museuhistoricosl.com.br\/loja\/wp-json\/wp\/v2\/types\/product"}],"replies":[{"embeddable":true,"href":"https:\/\/www.museuhistoricosl.com.br\/loja\/wp-json\/wp\/v2\/comments?post=14146"}],"wp:featuredmedia":[{"embeddable":true,"href":"https:\/\/www.museuhistoricosl.com.br\/loja\/wp-json\/wp\/v2\/media\/14145"}],"wp:attachment":[{"href":"https:\/\/www.museuhistoricosl.com.br\/loja\/wp-json\/wp\/v2\/media?parent=14146"}],"wp:term":[{"taxonomy":"product_cat","embeddable":true,"href":"https:\/\/www.museuhistoricosl.com.br\/loja\/wp-json\/wp\/v2\/product_cat?post=14146"},{"taxonomy":"product_tag","embeddable":true,"href":"https:\/\/www.museuhistoricosl.com.br\/loja\/wp-json\/wp\/v2\/product_tag?post=14146"}],"curies":[{"name":"wp","href":"https:\/\/api.w.org\/{rel}","templated":true}]}}