{"id":13440,"date":"2021-12-28T10:00:53","date_gmt":"2021-12-28T13:00:53","guid":{"rendered":"https:\/\/www.museuhistoricosl.com.br\/loja\/produto\/sl008-fd-0075\/"},"modified":"2021-12-28T10:00:53","modified_gmt":"2021-12-28T13:00:53","slug":"sl008-fd-0075","status":"publish","type":"product","link":"https:\/\/www.museuhistoricosl.com.br\/loja\/produto\/sl008-fd-0075\/","title":{"rendered":"SL008-FD-0075"},"content":{"rendered":"<p>Rua general Ozirio esquina avenida mau\u00e1-05.07.82-vila Duque-Avenida da Mau\u00e1 &#8211; Problema Para a passagen de Onibus-9.7.82; Bairros de S\u00e3o Leopoldo; <\/p>\n","protected":false},"excerpt":{"rendered":"<p>Rua general Ozirio esquina avenida mau\u00e1-05.07.82-vila Duque-Avenida da Mau\u00e1 &#8211; Problema Para a passagen de Onibus-9.7.82; Bairros de S\u00e3o Leopoldo;<\/p>\n","protected":false},"featured_media":13439,"comment_status":"open","ping_status":"closed","template":"","meta":{"_acf_changed":false},"product_cat":[47],"product_tag":[],"class_list":["post-13440","product","type-product","status-publish","has-post-thumbnail","hentry","product_cat-bairros-de-sao-leopoldo"],"acf":[],"_links":{"self":[{"href":"https:\/\/www.museuhistoricosl.com.br\/loja\/wp-json\/wp\/v2\/product\/13440","targetHints":{"allow":["GET"]}}],"collection":[{"href":"https:\/\/www.museuhistoricosl.com.br\/loja\/wp-json\/wp\/v2\/product"}],"about":[{"href":"https:\/\/www.museuhistoricosl.com.br\/loja\/wp-json\/wp\/v2\/types\/product"}],"replies":[{"embeddable":true,"href":"https:\/\/www.museuhistoricosl.com.br\/loja\/wp-json\/wp\/v2\/comments?post=13440"}],"wp:featuredmedia":[{"embeddable":true,"href":"https:\/\/www.museuhistoricosl.com.br\/loja\/wp-json\/wp\/v2\/media\/13439"}],"wp:attachment":[{"href":"https:\/\/www.museuhistoricosl.com.br\/loja\/wp-json\/wp\/v2\/media?parent=13440"}],"wp:term":[{"taxonomy":"product_cat","embeddable":true,"href":"https:\/\/www.museuhistoricosl.com.br\/loja\/wp-json\/wp\/v2\/product_cat?post=13440"},{"taxonomy":"product_tag","embeddable":true,"href":"https:\/\/www.museuhistoricosl.com.br\/loja\/wp-json\/wp\/v2\/product_tag?post=13440"}],"curies":[{"name":"wp","href":"https:\/\/api.w.org\/{rel}","templated":true}]}}