{"id":13424,"date":"2021-12-28T10:00:47","date_gmt":"2021-12-28T13:00:47","guid":{"rendered":"https:\/\/www.museuhistoricosl.com.br\/loja\/produto\/sl008-fd-0067\/"},"modified":"2021-12-28T10:00:47","modified_gmt":"2021-12-28T13:00:47","slug":"sl008-fd-0067","status":"publish","type":"product","link":"https:\/\/www.museuhistoricosl.com.br\/loja\/produto\/sl008-fd-0067\/","title":{"rendered":"SL008-FD-0067"},"content":{"rendered":"<p>Assist\u00eancia m\u00e9dica na Duque nova-Associa\u00e7\u00e3o comunitaria da vila duque-22\/11\/83; Bairros de S\u00e3o Leopoldo; <\/p>\n","protected":false},"excerpt":{"rendered":"<p>Assist\u00eancia m\u00e9dica na Duque nova-Associa\u00e7\u00e3o comunitaria da vila duque-22\/11\/83; Bairros de S\u00e3o Leopoldo;<\/p>\n","protected":false},"featured_media":13423,"comment_status":"open","ping_status":"closed","template":"","meta":{"_acf_changed":false},"product_cat":[47],"product_tag":[],"class_list":["post-13424","product","type-product","status-publish","has-post-thumbnail","hentry","product_cat-bairros-de-sao-leopoldo"],"acf":[],"_links":{"self":[{"href":"https:\/\/www.museuhistoricosl.com.br\/loja\/wp-json\/wp\/v2\/product\/13424","targetHints":{"allow":["GET"]}}],"collection":[{"href":"https:\/\/www.museuhistoricosl.com.br\/loja\/wp-json\/wp\/v2\/product"}],"about":[{"href":"https:\/\/www.museuhistoricosl.com.br\/loja\/wp-json\/wp\/v2\/types\/product"}],"replies":[{"embeddable":true,"href":"https:\/\/www.museuhistoricosl.com.br\/loja\/wp-json\/wp\/v2\/comments?post=13424"}],"wp:featuredmedia":[{"embeddable":true,"href":"https:\/\/www.museuhistoricosl.com.br\/loja\/wp-json\/wp\/v2\/media\/13423"}],"wp:attachment":[{"href":"https:\/\/www.museuhistoricosl.com.br\/loja\/wp-json\/wp\/v2\/media?parent=13424"}],"wp:term":[{"taxonomy":"product_cat","embeddable":true,"href":"https:\/\/www.museuhistoricosl.com.br\/loja\/wp-json\/wp\/v2\/product_cat?post=13424"},{"taxonomy":"product_tag","embeddable":true,"href":"https:\/\/www.museuhistoricosl.com.br\/loja\/wp-json\/wp\/v2\/product_tag?post=13424"}],"curies":[{"name":"wp","href":"https:\/\/api.w.org\/{rel}","templated":true}]}}