{"id":13344,"date":"2021-12-28T10:00:18","date_gmt":"2021-12-28T13:00:18","guid":{"rendered":"https:\/\/www.museuhistoricosl.com.br\/loja\/produto\/sl008-fd-0027\/"},"modified":"2021-12-28T10:00:18","modified_gmt":"2021-12-28T13:00:18","slug":"sl008-fd-0027","status":"publish","type":"product","link":"https:\/\/www.museuhistoricosl.com.br\/loja\/produto\/sl008-fd-0027\/","title":{"rendered":"SL008-FD-0027"},"content":{"rendered":"<p>G. E. Castro Alves (30\/03\/79) &#8211; Reuni\u00e3o da Assoc. Bairro Vicentina &#8211; Ad\u00e3o Paulo dos Reis (Supl. Ver. MDB e Secret. Assoc, Bairro Vicentina) Olavo Pereira Dias (Pres.) Manoel Luiz Nunes, \u00c1ureo Haubert, Guerino Rosa e Ant\u00f4nio Guaglianoni; Bairros de S\u00e3o Leopoldo; <\/p>\n","protected":false},"excerpt":{"rendered":"<p>G. E. Castro Alves (30\/03\/79) &#8211; Reuni\u00e3o da Assoc. Bairro Vicentina &#8211; Ad\u00e3o Paulo dos Reis (Supl. Ver. MDB e<\/p>\n","protected":false},"featured_media":13343,"comment_status":"open","ping_status":"closed","template":"","meta":{"_acf_changed":false},"product_cat":[47],"product_tag":[],"class_list":["post-13344","product","type-product","status-publish","has-post-thumbnail","hentry","product_cat-bairros-de-sao-leopoldo"],"acf":[],"_links":{"self":[{"href":"https:\/\/www.museuhistoricosl.com.br\/loja\/wp-json\/wp\/v2\/product\/13344","targetHints":{"allow":["GET"]}}],"collection":[{"href":"https:\/\/www.museuhistoricosl.com.br\/loja\/wp-json\/wp\/v2\/product"}],"about":[{"href":"https:\/\/www.museuhistoricosl.com.br\/loja\/wp-json\/wp\/v2\/types\/product"}],"replies":[{"embeddable":true,"href":"https:\/\/www.museuhistoricosl.com.br\/loja\/wp-json\/wp\/v2\/comments?post=13344"}],"wp:featuredmedia":[{"embeddable":true,"href":"https:\/\/www.museuhistoricosl.com.br\/loja\/wp-json\/wp\/v2\/media\/13343"}],"wp:attachment":[{"href":"https:\/\/www.museuhistoricosl.com.br\/loja\/wp-json\/wp\/v2\/media?parent=13344"}],"wp:term":[{"taxonomy":"product_cat","embeddable":true,"href":"https:\/\/www.museuhistoricosl.com.br\/loja\/wp-json\/wp\/v2\/product_cat?post=13344"},{"taxonomy":"product_tag","embeddable":true,"href":"https:\/\/www.museuhistoricosl.com.br\/loja\/wp-json\/wp\/v2\/product_tag?post=13344"}],"curies":[{"name":"wp","href":"https:\/\/api.w.org\/{rel}","templated":true}]}}