{"id":13231,"date":"2021-12-28T09:45:09","date_gmt":"2021-12-28T12:45:09","guid":{"rendered":"https:\/\/www.museuhistoricosl.com.br\/loja\/produto\/sl003-fd-0050\/"},"modified":"2021-12-28T09:45:09","modified_gmt":"2021-12-28T12:45:09","slug":"sl003-fd-0050","status":"publish","type":"product","link":"https:\/\/www.museuhistoricosl.com.br\/loja\/produto\/sl003-fd-0050\/","title":{"rendered":"SL003-FD-0050"},"content":{"rendered":"<p>Sonia Schmidt; Lilian Dickie; Lourdes Thorell; Presidente do Uruguay; Catharina Andreazza; Olga Born &#8211; 1947 &#8211; C\u00f3digo anterior de cat\u00e1logo:FD-3,50; Avia\u00e7\u00e3o; <\/p>\n","protected":false},"excerpt":{"rendered":"<p>Sonia Schmidt; Lilian Dickie; Lourdes Thorell; Presidente do Uruguay; Catharina Andreazza; Olga Born &#8211; 1947 &#8211; C\u00f3digo anterior de cat\u00e1logo:FD-3,50;<\/p>\n","protected":false},"featured_media":13230,"comment_status":"open","ping_status":"closed","template":"","meta":{"_acf_changed":false},"product_cat":[46],"product_tag":[],"class_list":["post-13231","product","type-product","status-publish","has-post-thumbnail","hentry","product_cat-aviacao"],"acf":[],"_links":{"self":[{"href":"https:\/\/www.museuhistoricosl.com.br\/loja\/wp-json\/wp\/v2\/product\/13231","targetHints":{"allow":["GET"]}}],"collection":[{"href":"https:\/\/www.museuhistoricosl.com.br\/loja\/wp-json\/wp\/v2\/product"}],"about":[{"href":"https:\/\/www.museuhistoricosl.com.br\/loja\/wp-json\/wp\/v2\/types\/product"}],"replies":[{"embeddable":true,"href":"https:\/\/www.museuhistoricosl.com.br\/loja\/wp-json\/wp\/v2\/comments?post=13231"}],"wp:featuredmedia":[{"embeddable":true,"href":"https:\/\/www.museuhistoricosl.com.br\/loja\/wp-json\/wp\/v2\/media\/13230"}],"wp:attachment":[{"href":"https:\/\/www.museuhistoricosl.com.br\/loja\/wp-json\/wp\/v2\/media?parent=13231"}],"wp:term":[{"taxonomy":"product_cat","embeddable":true,"href":"https:\/\/www.museuhistoricosl.com.br\/loja\/wp-json\/wp\/v2\/product_cat?post=13231"},{"taxonomy":"product_tag","embeddable":true,"href":"https:\/\/www.museuhistoricosl.com.br\/loja\/wp-json\/wp\/v2\/product_tag?post=13231"}],"curies":[{"name":"wp","href":"https:\/\/api.w.org\/{rel}","templated":true}]}}