{"id":13223,"date":"2021-12-28T09:45:07","date_gmt":"2021-12-28T12:45:07","guid":{"rendered":"https:\/\/www.museuhistoricosl.com.br\/loja\/produto\/sl003-fd-0046\/"},"modified":"2021-12-28T09:45:07","modified_gmt":"2021-12-28T12:45:07","slug":"sl003-fd-0046","status":"publish","type":"product","link":"https:\/\/www.museuhistoricosl.com.br\/loja\/produto\/sl003-fd-0046\/","title":{"rendered":"SL003-FD-0046"},"content":{"rendered":"<p>Anivers\u00e1rio do Aeroclube de S\u00e3o Leopoldo. Giroc\u00f3ptero. Abril 82. 05\/04\/82. &#8211; C\u00f3digo anterior de cat\u00e1logo:FD-3,46; Avia\u00e7\u00e3o; <\/p>\n","protected":false},"excerpt":{"rendered":"<p>Anivers\u00e1rio do Aeroclube de S\u00e3o Leopoldo. Giroc\u00f3ptero. Abril 82. 05\/04\/82. &#8211; C\u00f3digo anterior de cat\u00e1logo:FD-3,46; Avia\u00e7\u00e3o;<\/p>\n","protected":false},"featured_media":13222,"comment_status":"open","ping_status":"closed","template":"","meta":{"_acf_changed":false},"product_cat":[46],"product_tag":[],"class_list":["post-13223","product","type-product","status-publish","has-post-thumbnail","hentry","product_cat-aviacao"],"acf":[],"_links":{"self":[{"href":"https:\/\/www.museuhistoricosl.com.br\/loja\/wp-json\/wp\/v2\/product\/13223","targetHints":{"allow":["GET"]}}],"collection":[{"href":"https:\/\/www.museuhistoricosl.com.br\/loja\/wp-json\/wp\/v2\/product"}],"about":[{"href":"https:\/\/www.museuhistoricosl.com.br\/loja\/wp-json\/wp\/v2\/types\/product"}],"replies":[{"embeddable":true,"href":"https:\/\/www.museuhistoricosl.com.br\/loja\/wp-json\/wp\/v2\/comments?post=13223"}],"wp:featuredmedia":[{"embeddable":true,"href":"https:\/\/www.museuhistoricosl.com.br\/loja\/wp-json\/wp\/v2\/media\/13222"}],"wp:attachment":[{"href":"https:\/\/www.museuhistoricosl.com.br\/loja\/wp-json\/wp\/v2\/media?parent=13223"}],"wp:term":[{"taxonomy":"product_cat","embeddable":true,"href":"https:\/\/www.museuhistoricosl.com.br\/loja\/wp-json\/wp\/v2\/product_cat?post=13223"},{"taxonomy":"product_tag","embeddable":true,"href":"https:\/\/www.museuhistoricosl.com.br\/loja\/wp-json\/wp\/v2\/product_tag?post=13223"}],"curies":[{"name":"wp","href":"https:\/\/api.w.org\/{rel}","templated":true}]}}