{"id":13195,"date":"2021-12-28T09:44:57","date_gmt":"2021-12-28T12:44:57","guid":{"rendered":"https:\/\/www.museuhistoricosl.com.br\/loja\/produto\/sl003-fd-0032\/"},"modified":"2021-12-28T09:44:57","modified_gmt":"2021-12-28T12:44:57","slug":"sl003-fd-0032","status":"publish","type":"product","link":"https:\/\/www.museuhistoricosl.com.br\/loja\/produto\/sl003-fd-0032\/","title":{"rendered":"SL003-FD-0032"},"content":{"rendered":"<p>Inaugura\u00e7\u00e3o do campo de avia\u00f5es de Caxias a 1938 &#8211; Gaulinha no avi\u00e3o &#8211; C\u00f3digo anterior de cat\u00e1logo:FD-3,32; Avia\u00e7\u00e3o; <\/p>\n","protected":false},"excerpt":{"rendered":"<p>Inaugura\u00e7\u00e3o do campo de avia\u00f5es de Caxias a 1938 &#8211; Gaulinha no avi\u00e3o &#8211; C\u00f3digo anterior de cat\u00e1logo:FD-3,32; Avia\u00e7\u00e3o;<\/p>\n","protected":false},"featured_media":13194,"comment_status":"open","ping_status":"closed","template":"","meta":{"_acf_changed":false},"product_cat":[46],"product_tag":[],"class_list":["post-13195","product","type-product","status-publish","has-post-thumbnail","hentry","product_cat-aviacao"],"acf":[],"_links":{"self":[{"href":"https:\/\/www.museuhistoricosl.com.br\/loja\/wp-json\/wp\/v2\/product\/13195","targetHints":{"allow":["GET"]}}],"collection":[{"href":"https:\/\/www.museuhistoricosl.com.br\/loja\/wp-json\/wp\/v2\/product"}],"about":[{"href":"https:\/\/www.museuhistoricosl.com.br\/loja\/wp-json\/wp\/v2\/types\/product"}],"replies":[{"embeddable":true,"href":"https:\/\/www.museuhistoricosl.com.br\/loja\/wp-json\/wp\/v2\/comments?post=13195"}],"wp:featuredmedia":[{"embeddable":true,"href":"https:\/\/www.museuhistoricosl.com.br\/loja\/wp-json\/wp\/v2\/media\/13194"}],"wp:attachment":[{"href":"https:\/\/www.museuhistoricosl.com.br\/loja\/wp-json\/wp\/v2\/media?parent=13195"}],"wp:term":[{"taxonomy":"product_cat","embeddable":true,"href":"https:\/\/www.museuhistoricosl.com.br\/loja\/wp-json\/wp\/v2\/product_cat?post=13195"},{"taxonomy":"product_tag","embeddable":true,"href":"https:\/\/www.museuhistoricosl.com.br\/loja\/wp-json\/wp\/v2\/product_tag?post=13195"}],"curies":[{"name":"wp","href":"https:\/\/api.w.org\/{rel}","templated":true}]}}