{"id":13159,"date":"2021-12-28T09:44:43","date_gmt":"2021-12-28T12:44:43","guid":{"rendered":"https:\/\/www.museuhistoricosl.com.br\/loja\/produto\/sl003-fd-0014\/"},"modified":"2021-12-28T09:44:43","modified_gmt":"2021-12-28T12:44:43","slug":"sl003-fd-0014","status":"publish","type":"product","link":"https:\/\/www.museuhistoricosl.com.br\/loja\/produto\/sl003-fd-0014\/","title":{"rendered":"SL003-FD-0014"},"content":{"rendered":"<p>Uma recorda\u00e7\u00e3o do Baile do Aero Club S. Leopoldo oferece ao Blessmam. o Amigo Eduardo. 29\/ 12\/ 50 &#8211; C\u00f3digo anterior de cat\u00e1logo:FD-3,14; Avia\u00e7\u00e3o; <\/p>\n","protected":false},"excerpt":{"rendered":"<p>Uma recorda\u00e7\u00e3o do Baile do Aero Club S. Leopoldo oferece ao Blessmam. o Amigo Eduardo. 29\/ 12\/ 50 &#8211; C\u00f3digo<\/p>\n","protected":false},"featured_media":13158,"comment_status":"open","ping_status":"closed","template":"","meta":{"_acf_changed":false},"product_cat":[46],"product_tag":[],"class_list":["post-13159","product","type-product","status-publish","has-post-thumbnail","hentry","product_cat-aviacao"],"acf":[],"_links":{"self":[{"href":"https:\/\/www.museuhistoricosl.com.br\/loja\/wp-json\/wp\/v2\/product\/13159","targetHints":{"allow":["GET"]}}],"collection":[{"href":"https:\/\/www.museuhistoricosl.com.br\/loja\/wp-json\/wp\/v2\/product"}],"about":[{"href":"https:\/\/www.museuhistoricosl.com.br\/loja\/wp-json\/wp\/v2\/types\/product"}],"replies":[{"embeddable":true,"href":"https:\/\/www.museuhistoricosl.com.br\/loja\/wp-json\/wp\/v2\/comments?post=13159"}],"wp:featuredmedia":[{"embeddable":true,"href":"https:\/\/www.museuhistoricosl.com.br\/loja\/wp-json\/wp\/v2\/media\/13158"}],"wp:attachment":[{"href":"https:\/\/www.museuhistoricosl.com.br\/loja\/wp-json\/wp\/v2\/media?parent=13159"}],"wp:term":[{"taxonomy":"product_cat","embeddable":true,"href":"https:\/\/www.museuhistoricosl.com.br\/loja\/wp-json\/wp\/v2\/product_cat?post=13159"},{"taxonomy":"product_tag","embeddable":true,"href":"https:\/\/www.museuhistoricosl.com.br\/loja\/wp-json\/wp\/v2\/product_tag?post=13159"}],"curies":[{"name":"wp","href":"https:\/\/api.w.org\/{rel}","templated":true}]}}