{"id":13155,"date":"2021-12-28T09:44:41","date_gmt":"2021-12-28T12:44:41","guid":{"rendered":"https:\/\/www.museuhistoricosl.com.br\/loja\/produto\/sl003-fd-0012\/"},"modified":"2021-12-28T09:44:41","modified_gmt":"2021-12-28T12:44:41","slug":"sl003-fd-0012","status":"publish","type":"product","link":"https:\/\/www.museuhistoricosl.com.br\/loja\/produto\/sl003-fd-0012\/","title":{"rendered":"SL003-FD-0012"},"content":{"rendered":"<p>Evaldo Blauth &#8211; 1\u00ba aviador com Brev\u00ea do Rio Grande do Sul. &#8211; C\u00f3digo anterior de cat\u00e1logo:FD-3,12; Avia\u00e7\u00e3o; <\/p>\n","protected":false},"excerpt":{"rendered":"<p>Evaldo Blauth &#8211; 1\u00ba aviador com Brev\u00ea do Rio Grande do Sul. &#8211; C\u00f3digo anterior de cat\u00e1logo:FD-3,12; Avia\u00e7\u00e3o;<\/p>\n","protected":false},"featured_media":13154,"comment_status":"open","ping_status":"closed","template":"","meta":{"_acf_changed":false},"product_cat":[46],"product_tag":[],"class_list":["post-13155","product","type-product","status-publish","has-post-thumbnail","hentry","product_cat-aviacao"],"acf":[],"_links":{"self":[{"href":"https:\/\/www.museuhistoricosl.com.br\/loja\/wp-json\/wp\/v2\/product\/13155","targetHints":{"allow":["GET"]}}],"collection":[{"href":"https:\/\/www.museuhistoricosl.com.br\/loja\/wp-json\/wp\/v2\/product"}],"about":[{"href":"https:\/\/www.museuhistoricosl.com.br\/loja\/wp-json\/wp\/v2\/types\/product"}],"replies":[{"embeddable":true,"href":"https:\/\/www.museuhistoricosl.com.br\/loja\/wp-json\/wp\/v2\/comments?post=13155"}],"wp:featuredmedia":[{"embeddable":true,"href":"https:\/\/www.museuhistoricosl.com.br\/loja\/wp-json\/wp\/v2\/media\/13154"}],"wp:attachment":[{"href":"https:\/\/www.museuhistoricosl.com.br\/loja\/wp-json\/wp\/v2\/media?parent=13155"}],"wp:term":[{"taxonomy":"product_cat","embeddable":true,"href":"https:\/\/www.museuhistoricosl.com.br\/loja\/wp-json\/wp\/v2\/product_cat?post=13155"},{"taxonomy":"product_tag","embeddable":true,"href":"https:\/\/www.museuhistoricosl.com.br\/loja\/wp-json\/wp\/v2\/product_tag?post=13155"}],"curies":[{"name":"wp","href":"https:\/\/api.w.org\/{rel}","templated":true}]}}